{"id":124,"date":"2012-01-28T02:34:51","date_gmt":"2012-01-28T02:34:51","guid":{"rendered":"http:\/\/sw-br.com\/wp\/?page_id=124"},"modified":"2018-11-23T11:30:15","modified_gmt":"2018-11-23T14:30:15","slug":"contato","status":"publish","type":"page","link":"https:\/\/speedwebdesigner.net\/en\/contato\/","title":{"rendered":"Contact"},"content":{"rendered":"<p><strong>SpeedWebdesigner<\/strong><\/p>\n<p>Tel: +55 (83) 9.8180-7216<\/p>\n<p><strong>THIRST<\/strong><br \/>\nParaiba \u2013 Brazil<br \/>\n<strong><br \/>\nREPRESENTATIVES<\/strong><\/p>\n<p>Jo\u00e3o Pessoa \u2013 Para\u00edba \u2013 Brazil<\/p>\n<p>Fortaleza \u2013 Cear\u00e1 \u2013 Brazil<\/p>\n<p>Maceio \u2013 Alagoas \u2013 Brazil<\/p>\n<p>Itapemirim \u2013 Esp\u00edrito Santo \u2013 Brazil<\/p>\n<p><strong>CONTACT FORM<\/strong><br \/>\n\n<div class=\"wpcf7 no-js\" id=\"wpcf7-f104-o1\" lang=\"en-US\" dir=\"ltr\" data-wpcf7-id=\"104\">\n<div class=\"screen-reader-response\"><p role=\"status\" aria-live=\"polite\" aria-atomic=\"true\"><\/p> <ul><\/ul><\/div>\n<form action=\"\/en\/wp-json\/wp\/v2\/pages\/124#wpcf7-f104-o1\" method=\"post\" class=\"wpcf7-form init\" aria-label=\"contact form\" novalidate=\"novalidate\" data-status=\"init\" data-trp-original-action=\"\/en\/wp-json\/wp\/v2\/pages\/124#wpcf7-f104-o1\">\n<fieldset class=\"hidden-fields-container\"><input type=\"hidden\" name=\"_wpcf7\" value=\"104\" \/><input type=\"hidden\" name=\"_wpcf7_version\" value=\"6.1.5\" \/><input type=\"hidden\" name=\"_wpcf7_locale\" value=\"en_US\" \/><input type=\"hidden\" name=\"_wpcf7_unit_tag\" value=\"wpcf7-f104-o1\" \/><input type=\"hidden\" name=\"_wpcf7_container_post\" value=\"0\" \/><input type=\"hidden\" name=\"_wpcf7_posted_data_hash\" value=\"\" \/><input type=\"hidden\" name=\"_wpcf7_recaptcha_response\" value=\"\" \/>\n<\/fieldset>\n<p>Your name (required)\n<\/p>\n<p><span class=\"wpcf7-form-control-wrap\" data-name=\"your-name\"><input size=\"40\" maxlength=\"400\" class=\"wpcf7-form-control wpcf7-text wpcf7-validates-as-required\" aria-required=\"true\" aria-invalid=\"false\" value=\"\" type=\"text\" name=\"your-name\" \/><\/span>\n<\/p>\n<p>Your email (required)\n<\/p>\n<p><span class=\"wpcf7-form-control-wrap\" data-name=\"your-email\"><input size=\"40\" maxlength=\"400\" class=\"wpcf7-form-control wpcf7-email wpcf7-validates-as-required wpcf7-text wpcf7-validates-as-email\" aria-required=\"true\" aria-invalid=\"false\" value=\"\" type=\"email\" name=\"your-email\" \/><\/span>\n<\/p>\n<p>Telephone\n<\/p>\n<p><span class=\"wpcf7-form-control-wrap\" data-name=\"your-fone\"><input size=\"40\" maxlength=\"400\" class=\"wpcf7-form-control wpcf7-text\" aria-invalid=\"false\" value=\"\" type=\"text\" name=\"your-fone\" \/><\/span>\n<\/p>\n<p>Sector\n<\/p>\n<p><span class=\"wpcf7-form-control-wrap\" data-name=\"assunto\"><select class=\"wpcf7-form-control wpcf7-select\" aria-invalid=\"false\" name=\"assunto\"><option value=\"Sites\">websites<\/option><option value=\"Sistemas Web\">Web Systems<\/option><option value=\"Seguran\u00e7a\">Safety<\/option><option value=\"Revendas\">resales<\/option><option value=\"Dom\u00ednios\">Domains<\/option><option value=\"Servidores Web\">web servers<\/option><option value=\"Financeiro\">Financial<\/option><option value=\"Remo\u00e7\u00e3o de Conte\u00fado\">Content Removal<\/option><option value=\"Copyright  DMCA\">Copyright DMCA<\/option><\/select><\/span>\n<\/p>\n<p>Subject\n<\/p>\n<p><span class=\"wpcf7-form-control-wrap\" data-name=\"your-subject\"><input size=\"40\" maxlength=\"400\" class=\"wpcf7-form-control wpcf7-text\" aria-invalid=\"false\" value=\"\" type=\"text\" name=\"your-subject\" \/><\/span>\n<\/p>\n<p>Your message\n<\/p>\n<p><span class=\"wpcf7-form-control-wrap\" data-name=\"your-message\"><textarea cols=\"40\" rows=\"10\" maxlength=\"2000\" class=\"wpcf7-form-control wpcf7-textarea\" aria-invalid=\"false\" name=\"your-message\"><\/textarea><\/span>\n<\/p>\n<p><input class=\"wpcf7-form-control wpcf7-submit has-spinner\" type=\"submit\" value=\"To send\" \/>\n<\/p><div class=\"wpcf7-response-output\" aria-hidden=\"true\"><\/div>\n<input type=\"hidden\" name=\"trp-form-language\" value=\"en\"\/><\/form>\n<\/div>\n<\/p>","protected":false},"excerpt":{"rendered":"<p>SpeedWebdesigner Tel: +55 (83) 9.8180-7216 HEADQUARTERS Para\u00edba \u2013 Brazil REPRESENTATIVES Jo\u00e3o Pessoa \u2013 Para\u00edba \u2013 Brazil Fortaleza \u2013 Cear\u00e1 \u2013 Brazil Macei\u00f3 \u2013 Alagoas \u2013 Brazil Itapemirim \u2013 Espirito Santo \u2013 Brazil CONTACT FORM<\/p>","protected":false},"author":1,"featured_media":0,"parent":0,"menu_order":0,"comment_status":"closed","ping_status":"closed","template":"","meta":{"footnotes":""},"class_list":["post-124","page","type-page","status-publish","hentry"],"_links":{"self":[{"href":"https:\/\/speedwebdesigner.net\/en\/wp-json\/wp\/v2\/pages\/124","targetHints":{"allow":["GET"]}}],"collection":[{"href":"https:\/\/speedwebdesigner.net\/en\/wp-json\/wp\/v2\/pages"}],"about":[{"href":"https:\/\/speedwebdesigner.net\/en\/wp-json\/wp\/v2\/types\/page"}],"author":[{"embeddable":true,"href":"https:\/\/speedwebdesigner.net\/en\/wp-json\/wp\/v2\/users\/1"}],"replies":[{"embeddable":true,"href":"https:\/\/speedwebdesigner.net\/en\/wp-json\/wp\/v2\/comments?post=124"}],"version-history":[{"count":16,"href":"https:\/\/speedwebdesigner.net\/en\/wp-json\/wp\/v2\/pages\/124\/revisions"}],"predecessor-version":[{"id":727,"href":"https:\/\/speedwebdesigner.net\/en\/wp-json\/wp\/v2\/pages\/124\/revisions\/727"}],"wp:attachment":[{"href":"https:\/\/speedwebdesigner.net\/en\/wp-json\/wp\/v2\/media?parent=124"}],"curies":[{"name":"wp","href":"https:\/\/api.w.org\/{rel}","templated":true}]}}