{"id":2,"date":"2011-06-06T01:17:51","date_gmt":"2011-06-06T01:17:51","guid":{"rendered":"http:\/\/sw-br.com\/wp\/?page_id=2"},"modified":"2011-06-24T14:14:29","modified_gmt":"2011-06-24T14:14:29","slug":"bygu-net","status":"publish","type":"page","link":"https:\/\/speedwebdesigner.net\/en\/bygu-net\/","title":{"rendered":"Bygu"},"content":{"rendered":"<p><strong>What is Bygu?<\/strong><\/p>\n<p><a title=\"http:\/\/bygu.net\" href=\"http:\/\/bygu.net\" target=\"_blank\">Bygu.net,<\/a> is a search system created by the SpeedWebdesigner development team, with the aim of providing the user with relevant research in relation to the main content on the internet.<\/p>\n<p>bygu is created based on the main search systems in the world, using the main resources available by the largest search engines, therefore our system is an integrated search system, as it uses the resources of applications from several sites such as: Google, Yahoo, Bing, 4shared, Twitter, etc.<\/p>\n<p>All of our results come from these sites, and our servers do not have indexing systems (Crawller) for specific content. Therefore, if you are interested in displaying your site in our results, please register your site in all of the links below.<\/p>\n<p><strong>Google:<\/strong> <a title=\"http:\/\/www.google.com\/add_url.html\" href=\"http:\/\/www.google.com.br\/add_url.html\" target=\"_blank\">http:\/\/www.google.com\/add_url.html<\/a><\/p>\n<p><strong>Yahoo:<\/strong> <a title=\"http:\/\/siteexplorer.search.yahoo.com\/\" href=\"http:\/\/siteexplorer.search.yahoo.com\/\" target=\"_blank\">http:\/\/siteexplorer.search.yahoo.com\/<\/a><\/p>\n<p><strong>Bing:<\/strong> <a title=\"http:\/\/www.bing.com\/webmaster\/SubmitSitePage.aspx\" href=\"http:\/\/www.bing.com\/webmaster\/SubmitSitePage.aspx\" target=\"_blank\">http:\/\/www.bing.com\/webmaster\/SubmitSitePage.aspx<\/a><\/p>\n<p>&nbsp;<\/p>","protected":false},"excerpt":{"rendered":"<p>O que \u00e9 o Bygu ? Bygu.net, \u00e9 um sistema de busca criado pela equipe de desenvolvedores da SpeedWebdesigner, com o objetivo de proporcionar ao usu\u00e1rio uma pesquisa relevante em rela\u00e7\u00e3o aos principais conte\u00fados da internet. O bygu \u00e9 criado com base nos principais sistema de busca do mundo, utilizando os principais recursos dispon\u00edveis pelos&hellip;<\/p>","protected":false},"author":1,"featured_media":0,"parent":0,"menu_order":0,"comment_status":"open","ping_status":"closed","template":"","meta":{"footnotes":""},"class_list":["post-2","page","type-page","status-publish","hentry"],"_links":{"self":[{"href":"https:\/\/speedwebdesigner.net\/en\/wp-json\/wp\/v2\/pages\/2","targetHints":{"allow":["GET"]}}],"collection":[{"href":"https:\/\/speedwebdesigner.net\/en\/wp-json\/wp\/v2\/pages"}],"about":[{"href":"https:\/\/speedwebdesigner.net\/en\/wp-json\/wp\/v2\/types\/page"}],"author":[{"embeddable":true,"href":"https:\/\/speedwebdesigner.net\/en\/wp-json\/wp\/v2\/users\/1"}],"replies":[{"embeddable":true,"href":"https:\/\/speedwebdesigner.net\/en\/wp-json\/wp\/v2\/comments?post=2"}],"version-history":[{"count":5,"href":"https:\/\/speedwebdesigner.net\/en\/wp-json\/wp\/v2\/pages\/2\/revisions"}],"predecessor-version":[{"id":45,"href":"https:\/\/speedwebdesigner.net\/en\/wp-json\/wp\/v2\/pages\/2\/revisions\/45"}],"wp:attachment":[{"href":"https:\/\/speedwebdesigner.net\/en\/wp-json\/wp\/v2\/media?parent=2"}],"curies":[{"name":"wp","href":"https:\/\/api.w.org\/{rel}","templated":true}]}}