{"id":445,"date":"2014-04-10T23:47:26","date_gmt":"2014-04-10T23:47:26","guid":{"rendered":"http:\/\/speedwebdesigner.com\/?page_id=445"},"modified":"2014-04-10T23:52:20","modified_gmt":"2014-04-10T23:52:20","slug":"planos-de-sites-portais-de-noticias","status":"publish","type":"page","link":"https:\/\/speedwebdesigner.net\/en\/planos-de-sites-portais-de-noticias\/","title":{"rendered":"Website Plans \u2013 News Portals"},"content":{"rendered":"<p><strong>Subscribe to the Website Portals plan for a period of 12 months using the link below.<\/strong><br \/>\n<!-- INICIO FORMULARIO BOTAO PAGSEGURO --><\/p>\n<form action=\"https:\/\/pagseguro.uol.com.br\/v2\/pre-approvals\/request.html\" method=\"post\"><!-- N\u00c3O EDITE OS COMANDOS DAS LINHAS ABAIXO --><br \/>\n<input type=\"hidden\" name=\"code\" value=\"F2A615FE9090836114BC3FAE7B16935D\" \/><br \/>\n<input type=\"image\" alt=\"Pague com PagSeguro - \u00e9 r\u00e1pido, gr\u00e1tis e seguro!\" name=\"submit\" src=\"https:\/\/p.simg.uol.com.br\/out\/pagseguro\/i\/botoes\/assinaturas\/209x48-assinar-preto-assina.gif\" \/><\/form>\n<p><!-- FINAL FORMULARIO BOTAO PAGSEGURO --><\/p>\n<p><strong>Make payment of just 1 (one) monthly fee using the link below.<\/strong><\/p>\n<p><!-- INICIO FORMULARIO BOTAO PAGSEGURO --><\/p>\n<form action=\"https:\/\/pagseguro.uol.com.br\/checkout\/v2\/payment.html\" method=\"post\" onsubmit=\"PagSeguroLightbox(this); return false;\"><!-- N\u00c3O EDITE OS COMANDOS DAS LINHAS ABAIXO --><br \/>\n<input type=\"hidden\" name=\"code\" value=\"FE7984C778783BF884CEDFB157C7F4F9\" \/><br \/>\n<input type=\"image\" alt=\"Pague com PagSeguro - \u00e9 r\u00e1pido, gr\u00e1tis e seguro!\" name=\"submit\" src=\"https:\/\/p.simg.uol.com.br\/out\/pagseguro\/i\/botoes\/pagamentos\/209x48-pagar-azul-assina.gif\" \/><\/form>\n<p><script type=\"text\/javascript\" src=\"https:\/\/stc.pagseguro.uol.com.br\/pagseguro\/api\/v2\/checkout\/pagseguro.lightbox.js\"><\/script><br \/>\n<!-- FINAL FORMULARIO BOTAO PAGSEGURO --><\/p>","protected":false},"excerpt":{"rendered":"<p>Subscribe to the Website Portals plan for a period of 12 months using the link below. Make a payment of just 1 (one) monthly fee using the link below.<\/p>","protected":false},"author":1,"featured_media":0,"parent":0,"menu_order":0,"comment_status":"closed","ping_status":"closed","template":"","meta":{"footnotes":""},"class_list":["post-445","page","type-page","status-publish","hentry"],"_links":{"self":[{"href":"https:\/\/speedwebdesigner.net\/en\/wp-json\/wp\/v2\/pages\/445","targetHints":{"allow":["GET"]}}],"collection":[{"href":"https:\/\/speedwebdesigner.net\/en\/wp-json\/wp\/v2\/pages"}],"about":[{"href":"https:\/\/speedwebdesigner.net\/en\/wp-json\/wp\/v2\/types\/page"}],"author":[{"embeddable":true,"href":"https:\/\/speedwebdesigner.net\/en\/wp-json\/wp\/v2\/users\/1"}],"replies":[{"embeddable":true,"href":"https:\/\/speedwebdesigner.net\/en\/wp-json\/wp\/v2\/comments?post=445"}],"version-history":[{"count":3,"href":"https:\/\/speedwebdesigner.net\/en\/wp-json\/wp\/v2\/pages\/445\/revisions"}],"predecessor-version":[{"id":448,"href":"https:\/\/speedwebdesigner.net\/en\/wp-json\/wp\/v2\/pages\/445\/revisions\/448"}],"wp:attachment":[{"href":"https:\/\/speedwebdesigner.net\/en\/wp-json\/wp\/v2\/media?parent=445"}],"curies":[{"name":"wp","href":"https:\/\/api.w.org\/{rel}","templated":true}]}}