{"id":449,"date":"2014-04-12T17:08:05","date_gmt":"2014-04-12T17:08:05","guid":{"rendered":"http:\/\/speedwebdesigner.com\/?page_id=449"},"modified":"2014-04-12T17:10:08","modified_gmt":"2014-04-12T17:10:08","slug":"planos-de-sites-portais-empresariais","status":"publish","type":"page","link":"https:\/\/speedwebdesigner.net\/en\/planos-de-sites-portais-empresariais\/","title":{"rendered":"Website Plans \u2013 Business Portals"},"content":{"rendered":"<p><strong>Business Website Payments<\/strong><\/p>\n<p><strong>Annual Website Business Plan Subscription<\/strong><br \/>\n<!-- INICIO FORMULARIO BOTAO PAGSEGURO --><\/p>\n<form action=\"https:\/\/pagseguro.uol.com.br\/v2\/pre-approvals\/request.html\" method=\"post\"><!-- N\u00c3O EDITE OS COMANDOS DAS LINHAS ABAIXO --><br \/>\n<input type=\"hidden\" name=\"code\" value=\"5DDD3EFC888809B224CC3F9A4BF521B9\" \/><br \/>\n<input type=\"image\" alt=\"Pague com PagSeguro - \u00e9 r\u00e1pido, gr\u00e1tis e seguro!\" name=\"submit\" src=\"https:\/\/p.simg.uol.com.br\/out\/pagseguro\/i\/botoes\/assinaturas\/209x48-assinar-laranja-assina.gif\" \/><\/form>\n<p><!-- FINAL FORMULARIO BOTAO PAGSEGURO --><br \/>\n<strong>Payment of Only 1 (One) Monthly Payment for the Business Website Plan<\/strong><\/p>\n<p><!-- INICIO FORMULARIO BOTAO PAGSEGURO --><\/p>\n<form action=\"https:\/\/pagseguro.uol.com.br\/checkout\/v2\/payment.html\" method=\"post\" onsubmit=\"PagSeguroLightbox(this); return false;\"><!-- N\u00c3O EDITE OS COMANDOS DAS LINHAS ABAIXO --><br \/>\n<input type=\"hidden\" name=\"code\" value=\"8368EE5486868D5884C9FFB2022167D5\" \/><br \/>\n<input type=\"image\" alt=\"Pague com PagSeguro - \u00e9 r\u00e1pido, gr\u00e1tis e seguro!\" name=\"submit\" src=\"https:\/\/p.simg.uol.com.br\/out\/pagseguro\/i\/botoes\/pagamentos\/209x48-pagar-preto-assina.gif\" \/><\/form>\n<p><script type=\"text\/javascript\" src=\"https:\/\/stc.pagseguro.uol.com.br\/pagseguro\/api\/v2\/checkout\/pagseguro.lightbox.js\"><\/script><br \/>\n<!-- FINAL FORMULARIO BOTAO PAGSEGURO --><\/p>","protected":false},"excerpt":{"rendered":"<p>Pagamentos de Sites Empresariais Assinatura Anual do Plano Empresarial de Sites Pagamento de Apenas 1 (Uma) Mensalidade do Plano Empresarial de Sites<\/p>","protected":false},"author":1,"featured_media":0,"parent":0,"menu_order":0,"comment_status":"closed","ping_status":"closed","template":"","meta":{"footnotes":""},"class_list":["post-449","page","type-page","status-publish","hentry"],"_links":{"self":[{"href":"https:\/\/speedwebdesigner.net\/en\/wp-json\/wp\/v2\/pages\/449","targetHints":{"allow":["GET"]}}],"collection":[{"href":"https:\/\/speedwebdesigner.net\/en\/wp-json\/wp\/v2\/pages"}],"about":[{"href":"https:\/\/speedwebdesigner.net\/en\/wp-json\/wp\/v2\/types\/page"}],"author":[{"embeddable":true,"href":"https:\/\/speedwebdesigner.net\/en\/wp-json\/wp\/v2\/users\/1"}],"replies":[{"embeddable":true,"href":"https:\/\/speedwebdesigner.net\/en\/wp-json\/wp\/v2\/comments?post=449"}],"version-history":[{"count":1,"href":"https:\/\/speedwebdesigner.net\/en\/wp-json\/wp\/v2\/pages\/449\/revisions"}],"predecessor-version":[{"id":450,"href":"https:\/\/speedwebdesigner.net\/en\/wp-json\/wp\/v2\/pages\/449\/revisions\/450"}],"wp:attachment":[{"href":"https:\/\/speedwebdesigner.net\/en\/wp-json\/wp\/v2\/media?parent=449"}],"curies":[{"name":"wp","href":"https:\/\/api.w.org\/{rel}","templated":true}]}}